{"id":2741,"date":"2015-06-09T12:38:31","date_gmt":"2015-06-09T11:38:31","guid":{"rendered":"https:\/\/www.intersig.be\/fr\/over-ons\/"},"modified":"2023-11-18T14:29:47","modified_gmt":"2023-11-18T12:29:47","slug":"a-notre-propos","status":"publish","type":"page","link":"https:\/\/www.intersig.be\/fr\/a-notre-propos\/","title":{"rendered":"\u00c0 notre propos"},"content":{"rendered":"<p>Nous produisons de l&rsquo;acier de construction depuis plus de 40 ans, et nous le faisons avec c\u0153ur et \u00e2me. Nous nous effor\u00e7ons de fournir le meilleur service et la meilleure qualit\u00e9 possibles, recherchons toujours un partenariat solide et investissons continuellement dans des produits et des processus innovants.<\/p>\n<p>Et pourtant, Intersig est bien plus que ses produits et services. Il y a nos collaborateurs, par exemple, qui donnent le meilleur d&rsquo;eux-m\u00eames chaque jour. Et aussi la d\u00e9termination de laisser cette plan\u00e8te plus propre qu&rsquo;elle ne l&rsquo;est aujourd&rsquo;hui.<\/p>\n<p>Cependant, tous ces aspects sont caract\u00e9ris\u00e9s par un d\u00e9nominateur commun : la volont\u00e9 absolue, l&rsquo;ambition et l&rsquo;envie de faire mieux chaque jour&#8230;.. Oui, la barre est haute, mais c&rsquo;est l\u00e0 qu&rsquo;elle se situe pour nous&#8230;<\/p>\n<p><strong>Intersig<\/strong><br \/>\n<em>Creating A New Standard<\/em>.<\/p>\n","protected":false},"excerpt":{"rendered":"<p>Nous produisons de l&rsquo;acier de construction depuis plus de 40 ans, et nous le faisons avec c\u0153ur et \u00e2me. Nous nous effor\u00e7ons de fournir le meilleur service et la meilleure qualit\u00e9 possibles, recherchons toujours un partenariat solide et investissons continuellement dans des produits et des processus innovants. Et pourtant, Intersig est bien plus que ses [&hellip;]<\/p>\n","protected":false},"author":6,"featured_media":0,"parent":0,"menu_order":0,"comment_status":"open","ping_status":"open","template":"page-over-ons.php","meta":{"_acf_changed":false,"footnotes":""},"class_list":["post-2741","page","type-page","status-publish","hentry"],"acf":[],"yoast_head":"<!-- This site is optimized with the Yoast SEO plugin v27.6 - https:\/\/yoast.com\/product\/yoast-seo-wordpress\/ -->\n<title>\u00c0 notre propos - Intersig<\/title>\n<meta name=\"robots\" content=\"index, follow, max-snippet:-1, max-image-preview:large, max-video-preview:-1\" \/>\n<link rel=\"canonical\" href=\"https:\/\/www.intersig.be\/fr\/a-notre-propos\/\" \/>\n<meta property=\"og:locale\" content=\"fr_FR\" \/>\n<meta property=\"og:type\" content=\"article\" \/>\n<meta property=\"og:title\" content=\"\u00c0 notre propos - Intersig\" \/>\n<meta property=\"og:description\" content=\"Nous produisons de l&rsquo;acier de construction depuis plus de 40 ans, et nous le faisons avec c\u0153ur et \u00e2me. Nous nous effor\u00e7ons de fournir le meilleur service et la meilleure qualit\u00e9 possibles, recherchons toujours un partenariat solide et investissons continuellement dans des produits et des processus innovants. Et pourtant, Intersig est bien plus que ses [&hellip;]\" \/>\n<meta property=\"og:url\" content=\"https:\/\/www.intersig.be\/fr\/a-notre-propos\/\" \/>\n<meta property=\"og:site_name\" content=\"Intersig\" \/>\n<meta property=\"article:modified_time\" content=\"2023-11-18T12:29:47+00:00\" \/>\n<meta name=\"twitter:card\" content=\"summary_large_image\" \/>\n<meta name=\"twitter:label1\" content=\"Dur\u00e9e de lecture estim\u00e9e\" \/>\n\t<meta name=\"twitter:data1\" content=\"1 minute\" \/>\n<script type=\"application\/ld+json\" class=\"yoast-schema-graph\">{\"@context\":\"https:\\\/\\\/schema.org\",\"@graph\":[{\"@type\":\"WebPage\",\"@id\":\"https:\\\/\\\/www.intersig.be\\\/fr\\\/a-notre-propos\\\/\",\"url\":\"https:\\\/\\\/www.intersig.be\\\/fr\\\/a-notre-propos\\\/\",\"name\":\"\u00c0 notre propos - Intersig\",\"isPartOf\":{\"@id\":\"https:\\\/\\\/www.intersig.be\\\/#website\"},\"datePublished\":\"2015-06-09T11:38:31+00:00\",\"dateModified\":\"2023-11-18T12:29:47+00:00\",\"breadcrumb\":{\"@id\":\"https:\\\/\\\/www.intersig.be\\\/fr\\\/a-notre-propos\\\/#breadcrumb\"},\"inLanguage\":\"fr-FR\",\"potentialAction\":[{\"@type\":\"ReadAction\",\"target\":[\"https:\\\/\\\/www.intersig.be\\\/fr\\\/a-notre-propos\\\/\"]}]},{\"@type\":\"BreadcrumbList\",\"@id\":\"https:\\\/\\\/www.intersig.be\\\/fr\\\/a-notre-propos\\\/#breadcrumb\",\"itemListElement\":[{\"@type\":\"ListItem\",\"position\":1,\"name\":\"Home\",\"item\":\"https:\\\/\\\/www.intersig.be\\\/fr\\\/\"},{\"@type\":\"ListItem\",\"position\":2,\"name\":\"\u00c0 notre propos\"}]},{\"@type\":\"WebSite\",\"@id\":\"https:\\\/\\\/www.intersig.be\\\/#website\",\"url\":\"https:\\\/\\\/www.intersig.be\\\/\",\"name\":\"Intersig\",\"description\":\"\",\"potentialAction\":[{\"@type\":\"SearchAction\",\"target\":{\"@type\":\"EntryPoint\",\"urlTemplate\":\"https:\\\/\\\/www.intersig.be\\\/?s={search_term_string}\"},\"query-input\":{\"@type\":\"PropertyValueSpecification\",\"valueRequired\":true,\"valueName\":\"search_term_string\"}}],\"inLanguage\":\"fr-FR\"}]}<\/script>\n<!-- \/ Yoast SEO plugin. -->","yoast_head_json":{"title":"\u00c0 notre propos - Intersig","robots":{"index":"index","follow":"follow","max-snippet":"max-snippet:-1","max-image-preview":"max-image-preview:large","max-video-preview":"max-video-preview:-1"},"canonical":"https:\/\/www.intersig.be\/fr\/a-notre-propos\/","og_locale":"fr_FR","og_type":"article","og_title":"\u00c0 notre propos - Intersig","og_description":"Nous produisons de l&rsquo;acier de construction depuis plus de 40 ans, et nous le faisons avec c\u0153ur et \u00e2me. Nous nous effor\u00e7ons de fournir le meilleur service et la meilleure qualit\u00e9 possibles, recherchons toujours un partenariat solide et investissons continuellement dans des produits et des processus innovants. Et pourtant, Intersig est bien plus que ses [&hellip;]","og_url":"https:\/\/www.intersig.be\/fr\/a-notre-propos\/","og_site_name":"Intersig","article_modified_time":"2023-11-18T12:29:47+00:00","twitter_card":"summary_large_image","twitter_misc":{"Dur\u00e9e de lecture estim\u00e9e":"1 minute"},"schema":{"@context":"https:\/\/schema.org","@graph":[{"@type":"WebPage","@id":"https:\/\/www.intersig.be\/fr\/a-notre-propos\/","url":"https:\/\/www.intersig.be\/fr\/a-notre-propos\/","name":"\u00c0 notre propos - Intersig","isPartOf":{"@id":"https:\/\/www.intersig.be\/#website"},"datePublished":"2015-06-09T11:38:31+00:00","dateModified":"2023-11-18T12:29:47+00:00","breadcrumb":{"@id":"https:\/\/www.intersig.be\/fr\/a-notre-propos\/#breadcrumb"},"inLanguage":"fr-FR","potentialAction":[{"@type":"ReadAction","target":["https:\/\/www.intersig.be\/fr\/a-notre-propos\/"]}]},{"@type":"BreadcrumbList","@id":"https:\/\/www.intersig.be\/fr\/a-notre-propos\/#breadcrumb","itemListElement":[{"@type":"ListItem","position":1,"name":"Home","item":"https:\/\/www.intersig.be\/fr\/"},{"@type":"ListItem","position":2,"name":"\u00c0 notre propos"}]},{"@type":"WebSite","@id":"https:\/\/www.intersig.be\/#website","url":"https:\/\/www.intersig.be\/","name":"Intersig","description":"","potentialAction":[{"@type":"SearchAction","target":{"@type":"EntryPoint","urlTemplate":"https:\/\/www.intersig.be\/?s={search_term_string}"},"query-input":{"@type":"PropertyValueSpecification","valueRequired":true,"valueName":"search_term_string"}}],"inLanguage":"fr-FR"}]}},"_links":{"self":[{"href":"https:\/\/www.intersig.be\/fr\/wp-json\/wp\/v2\/pages\/2741","targetHints":{"allow":["GET"]}}],"collection":[{"href":"https:\/\/www.intersig.be\/fr\/wp-json\/wp\/v2\/pages"}],"about":[{"href":"https:\/\/www.intersig.be\/fr\/wp-json\/wp\/v2\/types\/page"}],"author":[{"embeddable":true,"href":"https:\/\/www.intersig.be\/fr\/wp-json\/wp\/v2\/users\/6"}],"replies":[{"embeddable":true,"href":"https:\/\/www.intersig.be\/fr\/wp-json\/wp\/v2\/comments?post=2741"}],"version-history":[{"count":0,"href":"https:\/\/www.intersig.be\/fr\/wp-json\/wp\/v2\/pages\/2741\/revisions"}],"wp:attachment":[{"href":"https:\/\/www.intersig.be\/fr\/wp-json\/wp\/v2\/media?parent=2741"}],"curies":[{"name":"wp","href":"https:\/\/api.w.org\/{rel}","templated":true}]}}