{"id":2692,"date":"2015-06-09T12:38:50","date_gmt":"2015-06-09T11:38:50","guid":{"rendered":"https:\/\/www.intersig.be\/fr\/certificaten\/"},"modified":"2023-03-28T16:55:00","modified_gmt":"2023-03-28T14:55:00","slug":"certificaten","status":"publish","type":"page","link":"https:\/\/www.intersig.be\/fr\/certificaten\/","title":{"rendered":"Certificats"},"content":{"rendered":"<p style=\"text-align: center\">Chez Intersig, tant la qualit\u00e9 que les contr\u00f4les de qualit\u00e9 sont primordiales! Chaque jour, nous sommes en train de contr\u00f4ler nos produits de sorte qu\u2019ils soient conformes aux normes de qualit\u00e9. Nous sommes donc tr\u00e8s fiers de pouvoir vous pr\u00e9senter ces certificats. Si vous avez encore des questions, vous pouvez toujours nous contacter par mail: <a href=\"mailto:sales@intersig.be\">sales@intersig.be<\/a>.<\/p>\n","protected":false},"excerpt":{"rendered":"<p>Chez Intersig, tant la qualit\u00e9 que les contr\u00f4les de qualit\u00e9 sont primordiales! Chaque jour, nous sommes en train de contr\u00f4ler nos produits de sorte qu\u2019ils soient conformes aux normes de qualit\u00e9. Nous sommes donc tr\u00e8s fiers de pouvoir vous pr\u00e9senter ces certificats. Si vous avez encore des questions, vous pouvez toujours nous contacter par mail: [&hellip;]<\/p>\n","protected":false},"author":6,"featured_media":0,"parent":0,"menu_order":0,"comment_status":"open","ping_status":"open","template":"page-certificaten.php","meta":{"_acf_changed":false,"footnotes":""},"class_list":["post-2692","page","type-page","status-publish","hentry"],"acf":[],"yoast_head":"<!-- This site is optimized with the Yoast SEO plugin v27.5 - https:\/\/yoast.com\/product\/yoast-seo-wordpress\/ -->\n<title>Certificats - Intersig<\/title>\n<meta name=\"robots\" content=\"index, follow, max-snippet:-1, max-image-preview:large, max-video-preview:-1\" \/>\n<link rel=\"canonical\" href=\"https:\/\/www.intersig.be\/fr\/certificaten\/\" \/>\n<meta property=\"og:locale\" content=\"fr_FR\" \/>\n<meta property=\"og:type\" content=\"article\" \/>\n<meta property=\"og:title\" content=\"Certificats - Intersig\" \/>\n<meta property=\"og:description\" content=\"Chez Intersig, tant la qualit\u00e9 que les contr\u00f4les de qualit\u00e9 sont primordiales! Chaque jour, nous sommes en train de contr\u00f4ler nos produits de sorte qu\u2019ils soient conformes aux normes de qualit\u00e9. Nous sommes donc tr\u00e8s fiers de pouvoir vous pr\u00e9senter ces certificats. Si vous avez encore des questions, vous pouvez toujours nous contacter par mail: [&hellip;]\" \/>\n<meta property=\"og:url\" content=\"https:\/\/www.intersig.be\/fr\/certificaten\/\" \/>\n<meta property=\"og:site_name\" content=\"Intersig\" \/>\n<meta property=\"article:modified_time\" content=\"2023-03-28T14:55:00+00:00\" \/>\n<meta name=\"twitter:card\" content=\"summary_large_image\" \/>\n<meta name=\"twitter:label1\" content=\"Dur\u00e9e de lecture estim\u00e9e\" \/>\n\t<meta name=\"twitter:data1\" content=\"1 minute\" \/>\n<script type=\"application\/ld+json\" class=\"yoast-schema-graph\">{\"@context\":\"https:\\\/\\\/schema.org\",\"@graph\":[{\"@type\":\"WebPage\",\"@id\":\"https:\\\/\\\/www.intersig.be\\\/fr\\\/certificaten\\\/\",\"url\":\"https:\\\/\\\/www.intersig.be\\\/fr\\\/certificaten\\\/\",\"name\":\"Certificats - Intersig\",\"isPartOf\":{\"@id\":\"https:\\\/\\\/www.intersig.be\\\/#website\"},\"datePublished\":\"2015-06-09T11:38:50+00:00\",\"dateModified\":\"2023-03-28T14:55:00+00:00\",\"breadcrumb\":{\"@id\":\"https:\\\/\\\/www.intersig.be\\\/fr\\\/certificaten\\\/#breadcrumb\"},\"inLanguage\":\"fr-FR\",\"potentialAction\":[{\"@type\":\"ReadAction\",\"target\":[\"https:\\\/\\\/www.intersig.be\\\/fr\\\/certificaten\\\/\"]}]},{\"@type\":\"BreadcrumbList\",\"@id\":\"https:\\\/\\\/www.intersig.be\\\/fr\\\/certificaten\\\/#breadcrumb\",\"itemListElement\":[{\"@type\":\"ListItem\",\"position\":1,\"name\":\"Home\",\"item\":\"https:\\\/\\\/www.intersig.be\\\/fr\\\/\"},{\"@type\":\"ListItem\",\"position\":2,\"name\":\"Certificats\"}]},{\"@type\":\"WebSite\",\"@id\":\"https:\\\/\\\/www.intersig.be\\\/#website\",\"url\":\"https:\\\/\\\/www.intersig.be\\\/\",\"name\":\"Intersig\",\"description\":\"\",\"potentialAction\":[{\"@type\":\"SearchAction\",\"target\":{\"@type\":\"EntryPoint\",\"urlTemplate\":\"https:\\\/\\\/www.intersig.be\\\/?s={search_term_string}\"},\"query-input\":{\"@type\":\"PropertyValueSpecification\",\"valueRequired\":true,\"valueName\":\"search_term_string\"}}],\"inLanguage\":\"fr-FR\"}]}<\/script>\n<!-- \/ Yoast SEO plugin. -->","yoast_head_json":{"title":"Certificats - Intersig","robots":{"index":"index","follow":"follow","max-snippet":"max-snippet:-1","max-image-preview":"max-image-preview:large","max-video-preview":"max-video-preview:-1"},"canonical":"https:\/\/www.intersig.be\/fr\/certificaten\/","og_locale":"fr_FR","og_type":"article","og_title":"Certificats - Intersig","og_description":"Chez Intersig, tant la qualit\u00e9 que les contr\u00f4les de qualit\u00e9 sont primordiales! Chaque jour, nous sommes en train de contr\u00f4ler nos produits de sorte qu\u2019ils soient conformes aux normes de qualit\u00e9. Nous sommes donc tr\u00e8s fiers de pouvoir vous pr\u00e9senter ces certificats. Si vous avez encore des questions, vous pouvez toujours nous contacter par mail: [&hellip;]","og_url":"https:\/\/www.intersig.be\/fr\/certificaten\/","og_site_name":"Intersig","article_modified_time":"2023-03-28T14:55:00+00:00","twitter_card":"summary_large_image","twitter_misc":{"Dur\u00e9e de lecture estim\u00e9e":"1 minute"},"schema":{"@context":"https:\/\/schema.org","@graph":[{"@type":"WebPage","@id":"https:\/\/www.intersig.be\/fr\/certificaten\/","url":"https:\/\/www.intersig.be\/fr\/certificaten\/","name":"Certificats - Intersig","isPartOf":{"@id":"https:\/\/www.intersig.be\/#website"},"datePublished":"2015-06-09T11:38:50+00:00","dateModified":"2023-03-28T14:55:00+00:00","breadcrumb":{"@id":"https:\/\/www.intersig.be\/fr\/certificaten\/#breadcrumb"},"inLanguage":"fr-FR","potentialAction":[{"@type":"ReadAction","target":["https:\/\/www.intersig.be\/fr\/certificaten\/"]}]},{"@type":"BreadcrumbList","@id":"https:\/\/www.intersig.be\/fr\/certificaten\/#breadcrumb","itemListElement":[{"@type":"ListItem","position":1,"name":"Home","item":"https:\/\/www.intersig.be\/fr\/"},{"@type":"ListItem","position":2,"name":"Certificats"}]},{"@type":"WebSite","@id":"https:\/\/www.intersig.be\/#website","url":"https:\/\/www.intersig.be\/","name":"Intersig","description":"","potentialAction":[{"@type":"SearchAction","target":{"@type":"EntryPoint","urlTemplate":"https:\/\/www.intersig.be\/?s={search_term_string}"},"query-input":{"@type":"PropertyValueSpecification","valueRequired":true,"valueName":"search_term_string"}}],"inLanguage":"fr-FR"}]}},"_links":{"self":[{"href":"https:\/\/www.intersig.be\/fr\/wp-json\/wp\/v2\/pages\/2692","targetHints":{"allow":["GET"]}}],"collection":[{"href":"https:\/\/www.intersig.be\/fr\/wp-json\/wp\/v2\/pages"}],"about":[{"href":"https:\/\/www.intersig.be\/fr\/wp-json\/wp\/v2\/types\/page"}],"author":[{"embeddable":true,"href":"https:\/\/www.intersig.be\/fr\/wp-json\/wp\/v2\/users\/6"}],"replies":[{"embeddable":true,"href":"https:\/\/www.intersig.be\/fr\/wp-json\/wp\/v2\/comments?post=2692"}],"version-history":[{"count":0,"href":"https:\/\/www.intersig.be\/fr\/wp-json\/wp\/v2\/pages\/2692\/revisions"}],"wp:attachment":[{"href":"https:\/\/www.intersig.be\/fr\/wp-json\/wp\/v2\/media?parent=2692"}],"curies":[{"name":"wp","href":"https:\/\/api.w.org\/{rel}","templated":true}]}}