{"id":12628,"date":"2025-01-08T12:58:52","date_gmt":"2025-01-08T10:58:52","guid":{"rendered":"https:\/\/www.intersig.be\/?page_id=12628"},"modified":"2025-11-07T13:44:11","modified_gmt":"2025-11-07T11:44:11","slug":"changement-direction-rse-group","status":"publish","type":"page","link":"https:\/\/www.intersig.be\/fr\/changement-direction-rse-group\/","title":{"rendered":"News"},"content":{"rendered":"<p style=\"text-align: center;\"><strong>CHANGEMENT AU SEIN DE LA DIRECTION DE REINFORCING STEEL EUROPE B.V.<\/strong><\/p>\n<p>Nous souhaitons vous informer qu\u2019\u00e0 la fin de l\u2019ann\u00e9e, Kris Van Ginderdeuren quittera ses fonctions de directeur commercial et de membre de la direction de Reinforcing Steel Europe B.V., pour des raisons personnelles.<\/p>\n<p>\u00c0 compter d\u2019aujourd\u2019hui, Thomas Truyens reprend le poste de directeur commercial et succ\u00e8de ainsi \u00e0 Kris Van Ginderdeuren. Dans cette fonction, il jouera un r\u00f4le essentiel dans le d\u00e9veloppement de notre strat\u00e9gie commerciale et dans le renforcement des relations de proximit\u00e9 avec nos clients.<\/p>\n<p>Pour les march\u00e9s germanophones, Elger Luck reste en charge des ventes pour l\u2019Allemagne, l\u2019Autriche et la Suisse, et demeure votre interlocuteur habituel.<\/p>\n<p><em>\u00abNous remercions Kris Van Ginderdeuren pour sa collaboration fructueuse et regrettons vivement son d\u00e9part, m\u00eame si nous comprenons et respectons sa d\u00e9cision personnelle. Dans le m\u00eame temps, nous sommes heureux d&rsquo;avoir trouv\u00e9 en Thomas Truyens un successeur exp\u00e9riment\u00e9 qui poursuivra avec d\u00e9termination notre strat\u00e9gie commerciale\u00bb<\/em>, d\u00e9clare Markus Weber, Chief Executive Officer.<\/p>\n<p>La direction et les associ\u00e9s adressent leurs sinc\u00e8res remerciements \u00e0 Kris Van Ginderdeuren pour son engagement et sa contribution pr\u00e9cieuse au lancement r\u00e9ussi de Reinforcing Steel Europe B.V., ainsi qu\u2019\u00e0 l\u2019int\u00e9gration fluide des \u00e9quipes commerciales ces derniers mois. Nous lui souhaitons plein succ\u00e8s dans ses projets futurs.<\/p>\n<h2>\u00c0 propos de Reinforcing Steel Europe B.V.<\/h2>\n<p>Le groupe Reinforcing Steel Europe (RSE) est l&rsquo;un des principaux fournisseurs et producteurs d&rsquo;acier pour le beton arm\u00e9 en Europe. Le groupe produit, transforme et distribue de l&rsquo;acier pour le beton arm\u00e9 ainsi que des produits d&rsquo;armature pour l&rsquo;industrie du b\u00e2timent en Europe. Il comprend, entre autres, Badische Stahlwerke (BSW), Moselstahlwerk (MSW), Baustahlgewebe, Neckardraht et BVG Bewehrungsstahl Vertriebsgesellschaft (BVG) en Allemagne, Van Merksteijn Steel aux Pays-Bas, Intersig en Belgique et Intersig France et VMI Atlantic en France. Le groupe RSE poss\u00e8de l&rsquo;une des aci\u00e9ries \u00e9lectriques les plus modernes d&rsquo;Allemagne. Il recycle la ferraille en pr\u00e9servant les ressources et la fondent avec de l&rsquo;\u00e9lectricit\u00e9 pour en faire du nouvel acier. L&rsquo;acier est ensuite transform\u00e9 dans les entreprises de transformation, proches des clients et situ\u00e9es sur diff\u00e9rents sites en Europe. Le groupe RSE comprend en outre des filiales dans les domaines des sous-produits, de la technique des installations, de la formation, de la distribution et du service. Il met \u00e9galement l&rsquo;accent sur l&rsquo;am\u00e9lioration de l&rsquo;efficacit\u00e9, la responsabilit\u00e9 sociale, la protection de l&rsquo;environnement et la cr\u00e9ation d&rsquo;un environnement de travail s\u00fbr et sain.<\/p>\n<p><a class=\"button\" href=\"https:\/\/reinforcing-steel.com\/\" target=\"_blank\" rel=\"noopener noreferrer\">Visitez le site RSE<\/a><\/p>\n","protected":false},"excerpt":{"rendered":"<p>CHANGEMENT AU SEIN DE LA DIRECTION DE REINFORCING STEEL EUROPE B.V. Nous souhaitons vous informer qu\u2019\u00e0 la fin de l\u2019ann\u00e9e, Kris Van Ginderdeuren quittera ses fonctions de directeur commercial et de membre de la direction de Reinforcing Steel Europe B.V., pour des raisons personnelles. \u00c0 compter d\u2019aujourd\u2019hui, Thomas Truyens reprend le poste de directeur commercial [&hellip;]<\/p>\n","protected":false},"author":10,"featured_media":0,"parent":0,"menu_order":0,"comment_status":"closed","ping_status":"closed","template":"page-announcement.php","meta":{"_acf_changed":false,"footnotes":""},"class_list":["post-12628","page","type-page","status-publish","hentry"],"acf":[],"yoast_head":"<!-- This site is optimized with the Yoast SEO plugin v27.5 - https:\/\/yoast.com\/product\/yoast-seo-wordpress\/ -->\n<title>News - Intersig<\/title>\n<meta name=\"robots\" content=\"index, follow, max-snippet:-1, max-image-preview:large, max-video-preview:-1\" \/>\n<link rel=\"canonical\" href=\"https:\/\/www.intersig.be\/fr\/changement-direction-rse-group\/\" \/>\n<meta property=\"og:locale\" content=\"fr_FR\" \/>\n<meta property=\"og:type\" content=\"article\" \/>\n<meta property=\"og:title\" content=\"News - Intersig\" \/>\n<meta property=\"og:description\" content=\"CHANGEMENT AU SEIN DE LA DIRECTION DE REINFORCING STEEL EUROPE B.V. Nous souhaitons vous informer qu\u2019\u00e0 la fin de l\u2019ann\u00e9e, Kris Van Ginderdeuren quittera ses fonctions de directeur commercial et de membre de la direction de Reinforcing Steel Europe B.V., pour des raisons personnelles. \u00c0 compter d\u2019aujourd\u2019hui, Thomas Truyens reprend le poste de directeur commercial [&hellip;]\" \/>\n<meta property=\"og:url\" content=\"https:\/\/www.intersig.be\/fr\/changement-direction-rse-group\/\" \/>\n<meta property=\"og:site_name\" content=\"Intersig\" \/>\n<meta property=\"article:modified_time\" content=\"2025-11-07T11:44:11+00:00\" \/>\n<meta name=\"twitter:card\" content=\"summary_large_image\" \/>\n<meta name=\"twitter:label1\" content=\"Dur\u00e9e de lecture estim\u00e9e\" \/>\n\t<meta name=\"twitter:data1\" content=\"2 minutes\" \/>\n<script type=\"application\/ld+json\" class=\"yoast-schema-graph\">{\"@context\":\"https:\\\/\\\/schema.org\",\"@graph\":[{\"@type\":\"WebPage\",\"@id\":\"https:\\\/\\\/www.intersig.be\\\/fr\\\/changement-direction-rse-group\\\/\",\"url\":\"https:\\\/\\\/www.intersig.be\\\/fr\\\/changement-direction-rse-group\\\/\",\"name\":\"News - Intersig\",\"isPartOf\":{\"@id\":\"https:\\\/\\\/www.intersig.be\\\/#website\"},\"datePublished\":\"2025-01-08T10:58:52+00:00\",\"dateModified\":\"2025-11-07T11:44:11+00:00\",\"breadcrumb\":{\"@id\":\"https:\\\/\\\/www.intersig.be\\\/fr\\\/changement-direction-rse-group\\\/#breadcrumb\"},\"inLanguage\":\"fr-FR\",\"potentialAction\":[{\"@type\":\"ReadAction\",\"target\":[\"https:\\\/\\\/www.intersig.be\\\/fr\\\/changement-direction-rse-group\\\/\"]}]},{\"@type\":\"BreadcrumbList\",\"@id\":\"https:\\\/\\\/www.intersig.be\\\/fr\\\/changement-direction-rse-group\\\/#breadcrumb\",\"itemListElement\":[{\"@type\":\"ListItem\",\"position\":1,\"name\":\"Home\",\"item\":\"https:\\\/\\\/www.intersig.be\\\/fr\\\/\"},{\"@type\":\"ListItem\",\"position\":2,\"name\":\"News\"}]},{\"@type\":\"WebSite\",\"@id\":\"https:\\\/\\\/www.intersig.be\\\/#website\",\"url\":\"https:\\\/\\\/www.intersig.be\\\/\",\"name\":\"Intersig\",\"description\":\"\",\"potentialAction\":[{\"@type\":\"SearchAction\",\"target\":{\"@type\":\"EntryPoint\",\"urlTemplate\":\"https:\\\/\\\/www.intersig.be\\\/?s={search_term_string}\"},\"query-input\":{\"@type\":\"PropertyValueSpecification\",\"valueRequired\":true,\"valueName\":\"search_term_string\"}}],\"inLanguage\":\"fr-FR\"}]}<\/script>\n<!-- \/ Yoast SEO plugin. -->","yoast_head_json":{"title":"News - Intersig","robots":{"index":"index","follow":"follow","max-snippet":"max-snippet:-1","max-image-preview":"max-image-preview:large","max-video-preview":"max-video-preview:-1"},"canonical":"https:\/\/www.intersig.be\/fr\/changement-direction-rse-group\/","og_locale":"fr_FR","og_type":"article","og_title":"News - Intersig","og_description":"CHANGEMENT AU SEIN DE LA DIRECTION DE REINFORCING STEEL EUROPE B.V. Nous souhaitons vous informer qu\u2019\u00e0 la fin de l\u2019ann\u00e9e, Kris Van Ginderdeuren quittera ses fonctions de directeur commercial et de membre de la direction de Reinforcing Steel Europe B.V., pour des raisons personnelles. \u00c0 compter d\u2019aujourd\u2019hui, Thomas Truyens reprend le poste de directeur commercial [&hellip;]","og_url":"https:\/\/www.intersig.be\/fr\/changement-direction-rse-group\/","og_site_name":"Intersig","article_modified_time":"2025-11-07T11:44:11+00:00","twitter_card":"summary_large_image","twitter_misc":{"Dur\u00e9e de lecture estim\u00e9e":"2 minutes"},"schema":{"@context":"https:\/\/schema.org","@graph":[{"@type":"WebPage","@id":"https:\/\/www.intersig.be\/fr\/changement-direction-rse-group\/","url":"https:\/\/www.intersig.be\/fr\/changement-direction-rse-group\/","name":"News - Intersig","isPartOf":{"@id":"https:\/\/www.intersig.be\/#website"},"datePublished":"2025-01-08T10:58:52+00:00","dateModified":"2025-11-07T11:44:11+00:00","breadcrumb":{"@id":"https:\/\/www.intersig.be\/fr\/changement-direction-rse-group\/#breadcrumb"},"inLanguage":"fr-FR","potentialAction":[{"@type":"ReadAction","target":["https:\/\/www.intersig.be\/fr\/changement-direction-rse-group\/"]}]},{"@type":"BreadcrumbList","@id":"https:\/\/www.intersig.be\/fr\/changement-direction-rse-group\/#breadcrumb","itemListElement":[{"@type":"ListItem","position":1,"name":"Home","item":"https:\/\/www.intersig.be\/fr\/"},{"@type":"ListItem","position":2,"name":"News"}]},{"@type":"WebSite","@id":"https:\/\/www.intersig.be\/#website","url":"https:\/\/www.intersig.be\/","name":"Intersig","description":"","potentialAction":[{"@type":"SearchAction","target":{"@type":"EntryPoint","urlTemplate":"https:\/\/www.intersig.be\/?s={search_term_string}"},"query-input":{"@type":"PropertyValueSpecification","valueRequired":true,"valueName":"search_term_string"}}],"inLanguage":"fr-FR"}]}},"_links":{"self":[{"href":"https:\/\/www.intersig.be\/fr\/wp-json\/wp\/v2\/pages\/12628","targetHints":{"allow":["GET"]}}],"collection":[{"href":"https:\/\/www.intersig.be\/fr\/wp-json\/wp\/v2\/pages"}],"about":[{"href":"https:\/\/www.intersig.be\/fr\/wp-json\/wp\/v2\/types\/page"}],"author":[{"embeddable":true,"href":"https:\/\/www.intersig.be\/fr\/wp-json\/wp\/v2\/users\/10"}],"replies":[{"embeddable":true,"href":"https:\/\/www.intersig.be\/fr\/wp-json\/wp\/v2\/comments?post=12628"}],"version-history":[{"count":4,"href":"https:\/\/www.intersig.be\/fr\/wp-json\/wp\/v2\/pages\/12628\/revisions"}],"predecessor-version":[{"id":12723,"href":"https:\/\/www.intersig.be\/fr\/wp-json\/wp\/v2\/pages\/12628\/revisions\/12723"}],"wp:attachment":[{"href":"https:\/\/www.intersig.be\/fr\/wp-json\/wp\/v2\/media?parent=12628"}],"curies":[{"name":"wp","href":"https:\/\/api.w.org\/{rel}","templated":true}]}}