{"id":10462,"date":"2022-07-08T14:37:59","date_gmt":"2022-07-08T12:37:59","guid":{"rendered":"https:\/\/www.intersig.dev-van-merksteijn.msnellink.nl\/?page_id=10462"},"modified":"2026-01-06T09:07:39","modified_gmt":"2026-01-06T07:07:39","slug":"durabilite","status":"publish","type":"page","link":"https:\/\/www.intersig.be\/fr\/durabilite\/","title":{"rendered":"Durabilit\u00e9"},"content":{"rendered":"<p>En tant que partie du Groupe Van Merksteijn, Intersig est un des premiers producteurs d&rsquo;acier de construction au monde. Jour apr\u00e8s jour, nous tentons de travailler le plus efficacement possible et nous nous effor\u00e7ons \u00e0 offrir \u00e0 nos clients les meilleurs services et produits possibles.<\/p>\n<p>La grande force de notre entreprise est d\u2019une part les lignes de communication courtes et la volont\u00e9 de d\u00e9velopper et d\u2019am\u00e9liorer en continu, mais d\u2019autre part aussi l\u2019importance cruciale de nos collaborateurs. C\u2019est gr\u00e2ce \u00e0 leur d\u00e9vouement et \u00e0 leur enthousiasme que nous parvenons \u00e0 r\u00e9aliser nos ambitions en tant qu\u2019entreprise.<\/p>\n<p>Outre la qualit\u00e9, le service client\u00e8le et le capital humain, nous misons \u00e9galement sur la durabilit\u00e9, car chez Intersig, nous sommes convaincus que tous ces facteurs peuvent se marier parfaitement. En effet, en tant qu\u2019entreprise, nous avons une grande responsabilit\u00e9 sociale et nous devons prendre soin de l\u2019homme et de l\u2019environnement. Nous faisons cela, \u00e0 Dendermonde,\u00a0 entre autres :<\/p>\n<ul>\n<li>En travaillant sous certificat ISO14001, \u00ab l\u2019environnement \u00bb \u00e9tant repris comme point strat\u00e9gique dans notre politique d\u2019entreprise<\/li>\n<li>En produisant \u00e0 100% avec de l\u2019\u00e9nergie verte<\/li>\n<li>En achetant des mati\u00e8res premi\u00e8res qui contiennent le plus possible de mat\u00e9riaux recycl\u00e9s<\/li>\n<li>En triant nos flux de d\u00e9chets minutieusement<\/li>\n<li>En rempla\u00e7ant les grands consommateurs par des alternatives plus \u00e9conomes (p.e. \u00e9clairage, entra\u00eenements de nos machines,\u2026)<\/li>\n<li>En \u00e9lectrifiant le parc de v\u00e9hicules<\/li>\n<li>En r\u00e9cup\u00e9rant l\u2019eau de pluie<\/li>\n<li>\u2026<\/li>\n<\/ul>\n<p>Mais nous prenons \u00e9galement cette responsabilit\u00e9 tr\u00e8s au s\u00e9rieux au niveau du groupe, comme le montre la vid\u00e9o ci-dessous.<\/p>\n<p>Dans un monde o\u00f9 l\u2019impact du changement climatique est de plus en plus tangible, nous voulons contribuer r\u00e9solument \u00e0 renverser la tendance\u00a0!<\/p>\n<p><strong>Intersig<br \/>\n<\/strong><em>CREATING A NEW STANDARD.<\/em><\/p>\n","protected":false},"excerpt":{"rendered":"<p>En tant que partie du Groupe Van Merksteijn, Intersig est un des premiers producteurs d&rsquo;acier de construction au monde. Jour apr\u00e8s jour, nous tentons de travailler le plus efficacement possible et nous nous effor\u00e7ons \u00e0 offrir \u00e0 nos clients les meilleurs services et produits possibles. La grande force de notre entreprise est d\u2019une part les [&hellip;]<\/p>\n","protected":false},"author":10,"featured_media":0,"parent":0,"menu_order":0,"comment_status":"closed","ping_status":"closed","template":"page-downloads-nobread.php","meta":{"_acf_changed":false,"footnotes":""},"class_list":["post-10462","page","type-page","status-publish","hentry"],"acf":[],"yoast_head":"<!-- This site is optimized with the Yoast SEO plugin v27.3 - https:\/\/yoast.com\/product\/yoast-seo-wordpress\/ -->\n<title>Durabilit\u00e9 - Intersig<\/title>\n<meta name=\"robots\" content=\"index, follow, max-snippet:-1, max-image-preview:large, max-video-preview:-1\" \/>\n<link rel=\"canonical\" href=\"https:\/\/www.intersig.be\/fr\/durabilite\/\" \/>\n<meta property=\"og:locale\" content=\"fr_FR\" \/>\n<meta property=\"og:type\" content=\"article\" \/>\n<meta property=\"og:title\" content=\"Durabilit\u00e9 - Intersig\" \/>\n<meta property=\"og:description\" content=\"En tant que partie du Groupe Van Merksteijn, Intersig est un des premiers producteurs d&rsquo;acier de construction au monde. Jour apr\u00e8s jour, nous tentons de travailler le plus efficacement possible et nous nous effor\u00e7ons \u00e0 offrir \u00e0 nos clients les meilleurs services et produits possibles. La grande force de notre entreprise est d\u2019une part les [&hellip;]\" \/>\n<meta property=\"og:url\" content=\"https:\/\/www.intersig.be\/fr\/durabilite\/\" \/>\n<meta property=\"og:site_name\" content=\"Intersig\" \/>\n<meta property=\"article:modified_time\" content=\"2026-01-06T07:07:39+00:00\" \/>\n<meta name=\"twitter:card\" content=\"summary_large_image\" \/>\n<meta name=\"twitter:label1\" content=\"Dur\u00e9e de lecture estim\u00e9e\" \/>\n\t<meta name=\"twitter:data1\" content=\"2 minutes\" \/>\n<script type=\"application\/ld+json\" class=\"yoast-schema-graph\">{\"@context\":\"https:\\\/\\\/schema.org\",\"@graph\":[{\"@type\":\"WebPage\",\"@id\":\"https:\\\/\\\/www.intersig.be\\\/fr\\\/durabilite\\\/\",\"url\":\"https:\\\/\\\/www.intersig.be\\\/fr\\\/durabilite\\\/\",\"name\":\"Durabilit\u00e9 - Intersig\",\"isPartOf\":{\"@id\":\"https:\\\/\\\/www.intersig.be\\\/#website\"},\"datePublished\":\"2022-07-08T12:37:59+00:00\",\"dateModified\":\"2026-01-06T07:07:39+00:00\",\"breadcrumb\":{\"@id\":\"https:\\\/\\\/www.intersig.be\\\/fr\\\/durabilite\\\/#breadcrumb\"},\"inLanguage\":\"fr-FR\",\"potentialAction\":[{\"@type\":\"ReadAction\",\"target\":[\"https:\\\/\\\/www.intersig.be\\\/fr\\\/durabilite\\\/\"]}]},{\"@type\":\"BreadcrumbList\",\"@id\":\"https:\\\/\\\/www.intersig.be\\\/fr\\\/durabilite\\\/#breadcrumb\",\"itemListElement\":[{\"@type\":\"ListItem\",\"position\":1,\"name\":\"Home\",\"item\":\"https:\\\/\\\/www.intersig.be\\\/fr\\\/\"},{\"@type\":\"ListItem\",\"position\":2,\"name\":\"Durabilit\u00e9\"}]},{\"@type\":\"WebSite\",\"@id\":\"https:\\\/\\\/www.intersig.be\\\/#website\",\"url\":\"https:\\\/\\\/www.intersig.be\\\/\",\"name\":\"Intersig\",\"description\":\"\",\"potentialAction\":[{\"@type\":\"SearchAction\",\"target\":{\"@type\":\"EntryPoint\",\"urlTemplate\":\"https:\\\/\\\/www.intersig.be\\\/?s={search_term_string}\"},\"query-input\":{\"@type\":\"PropertyValueSpecification\",\"valueRequired\":true,\"valueName\":\"search_term_string\"}}],\"inLanguage\":\"fr-FR\"}]}<\/script>\n<!-- \/ Yoast SEO plugin. -->","yoast_head_json":{"title":"Durabilit\u00e9 - Intersig","robots":{"index":"index","follow":"follow","max-snippet":"max-snippet:-1","max-image-preview":"max-image-preview:large","max-video-preview":"max-video-preview:-1"},"canonical":"https:\/\/www.intersig.be\/fr\/durabilite\/","og_locale":"fr_FR","og_type":"article","og_title":"Durabilit\u00e9 - Intersig","og_description":"En tant que partie du Groupe Van Merksteijn, Intersig est un des premiers producteurs d&rsquo;acier de construction au monde. Jour apr\u00e8s jour, nous tentons de travailler le plus efficacement possible et nous nous effor\u00e7ons \u00e0 offrir \u00e0 nos clients les meilleurs services et produits possibles. La grande force de notre entreprise est d\u2019une part les [&hellip;]","og_url":"https:\/\/www.intersig.be\/fr\/durabilite\/","og_site_name":"Intersig","article_modified_time":"2026-01-06T07:07:39+00:00","twitter_card":"summary_large_image","twitter_misc":{"Dur\u00e9e de lecture estim\u00e9e":"2 minutes"},"schema":{"@context":"https:\/\/schema.org","@graph":[{"@type":"WebPage","@id":"https:\/\/www.intersig.be\/fr\/durabilite\/","url":"https:\/\/www.intersig.be\/fr\/durabilite\/","name":"Durabilit\u00e9 - Intersig","isPartOf":{"@id":"https:\/\/www.intersig.be\/#website"},"datePublished":"2022-07-08T12:37:59+00:00","dateModified":"2026-01-06T07:07:39+00:00","breadcrumb":{"@id":"https:\/\/www.intersig.be\/fr\/durabilite\/#breadcrumb"},"inLanguage":"fr-FR","potentialAction":[{"@type":"ReadAction","target":["https:\/\/www.intersig.be\/fr\/durabilite\/"]}]},{"@type":"BreadcrumbList","@id":"https:\/\/www.intersig.be\/fr\/durabilite\/#breadcrumb","itemListElement":[{"@type":"ListItem","position":1,"name":"Home","item":"https:\/\/www.intersig.be\/fr\/"},{"@type":"ListItem","position":2,"name":"Durabilit\u00e9"}]},{"@type":"WebSite","@id":"https:\/\/www.intersig.be\/#website","url":"https:\/\/www.intersig.be\/","name":"Intersig","description":"","potentialAction":[{"@type":"SearchAction","target":{"@type":"EntryPoint","urlTemplate":"https:\/\/www.intersig.be\/?s={search_term_string}"},"query-input":{"@type":"PropertyValueSpecification","valueRequired":true,"valueName":"search_term_string"}}],"inLanguage":"fr-FR"}]}},"_links":{"self":[{"href":"https:\/\/www.intersig.be\/fr\/wp-json\/wp\/v2\/pages\/10462","targetHints":{"allow":["GET"]}}],"collection":[{"href":"https:\/\/www.intersig.be\/fr\/wp-json\/wp\/v2\/pages"}],"about":[{"href":"https:\/\/www.intersig.be\/fr\/wp-json\/wp\/v2\/types\/page"}],"author":[{"embeddable":true,"href":"https:\/\/www.intersig.be\/fr\/wp-json\/wp\/v2\/users\/10"}],"replies":[{"embeddable":true,"href":"https:\/\/www.intersig.be\/fr\/wp-json\/wp\/v2\/comments?post=10462"}],"version-history":[{"count":1,"href":"https:\/\/www.intersig.be\/fr\/wp-json\/wp\/v2\/pages\/10462\/revisions"}],"predecessor-version":[{"id":12836,"href":"https:\/\/www.intersig.be\/fr\/wp-json\/wp\/v2\/pages\/10462\/revisions\/12836"}],"wp:attachment":[{"href":"https:\/\/www.intersig.be\/fr\/wp-json\/wp\/v2\/media?parent=10462"}],"curies":[{"name":"wp","href":"https:\/\/api.w.org\/{rel}","templated":true}]}}