{"id":197,"date":"2015-06-09T12:38:43","date_gmt":"2015-06-09T11:38:43","guid":{"rendered":"https:\/\/www.intersig.be\/producten\/?lang=de"},"modified":"2023-03-28T16:52:39","modified_gmt":"2023-03-28T14:52:39","slug":"produkt-ubersicht","status":"publish","type":"page","link":"https:\/\/www.intersig.be\/de\/produkt-ubersicht\/","title":{"rendered":"Produkte"},"content":{"rendered":"<p>Als Teil der Van Merksteijn Group ist Intersig einer der gr\u00f6\u00dften Hersteller von Baustahl weltweit. In unserem Werk in Dendermonde spezialisieren wir uns neben Coils und St\u00e4be haupts\u00e4chlich auf Gittertr\u00e4ger und Abstandhalter. Nachfolgend finden Sie eine \u00dcbersicht unserer Produktpalette.<\/p>\n","protected":false},"excerpt":{"rendered":"<p>Als Teil der Van Merksteijn Group ist Intersig einer der gr\u00f6\u00dften Hersteller von Baustahl weltweit. In unserem Werk in Dendermonde spezialisieren wir uns neben Coils und St\u00e4be haupts\u00e4chlich auf Gittertr\u00e4ger und Abstandhalter. Nachfolgend finden Sie eine \u00dcbersicht unserer Produktpalette.<\/p>\n","protected":false},"author":6,"featured_media":0,"parent":0,"menu_order":0,"comment_status":"open","ping_status":"closed","template":"page-producten.php","meta":{"_acf_changed":false,"footnotes":""},"class_list":["post-197","page","type-page","status-publish","hentry"],"acf":[],"yoast_head":"<!-- This site is optimized with the Yoast SEO plugin v27.5 - https:\/\/yoast.com\/product\/yoast-seo-wordpress\/ -->\n<title>Produkte - Intersig<\/title>\n<meta name=\"robots\" content=\"index, follow, max-snippet:-1, max-image-preview:large, max-video-preview:-1\" \/>\n<link rel=\"canonical\" href=\"https:\/\/www.intersig.be\/de\/produkt-ubersicht\/\" \/>\n<meta property=\"og:locale\" content=\"de_DE\" \/>\n<meta property=\"og:type\" content=\"article\" \/>\n<meta property=\"og:title\" content=\"Produkte - Intersig\" \/>\n<meta property=\"og:description\" content=\"Als Teil der Van Merksteijn Group ist Intersig einer der gr\u00f6\u00dften Hersteller von Baustahl weltweit. In unserem Werk in Dendermonde spezialisieren wir uns neben Coils und St\u00e4be haupts\u00e4chlich auf Gittertr\u00e4ger und Abstandhalter. Nachfolgend finden Sie eine \u00dcbersicht unserer Produktpalette.\" \/>\n<meta property=\"og:url\" content=\"https:\/\/www.intersig.be\/de\/produkt-ubersicht\/\" \/>\n<meta property=\"og:site_name\" content=\"Intersig\" \/>\n<meta property=\"article:modified_time\" content=\"2023-03-28T14:52:39+00:00\" \/>\n<meta name=\"twitter:card\" content=\"summary_large_image\" \/>\n<meta name=\"twitter:label1\" content=\"Gesch\u00e4tzte Lesezeit\" \/>\n\t<meta name=\"twitter:data1\" content=\"1\u00a0Minute\" \/>\n<script type=\"application\/ld+json\" class=\"yoast-schema-graph\">{\"@context\":\"https:\\\/\\\/schema.org\",\"@graph\":[{\"@type\":\"WebPage\",\"@id\":\"https:\\\/\\\/www.intersig.be\\\/de\\\/produkt-ubersicht\\\/\",\"url\":\"https:\\\/\\\/www.intersig.be\\\/de\\\/produkt-ubersicht\\\/\",\"name\":\"Produkte - Intersig\",\"isPartOf\":{\"@id\":\"https:\\\/\\\/www.intersig.be\\\/#website\"},\"datePublished\":\"2015-06-09T11:38:43+00:00\",\"dateModified\":\"2023-03-28T14:52:39+00:00\",\"breadcrumb\":{\"@id\":\"https:\\\/\\\/www.intersig.be\\\/de\\\/produkt-ubersicht\\\/#breadcrumb\"},\"inLanguage\":\"de\",\"potentialAction\":[{\"@type\":\"ReadAction\",\"target\":[\"https:\\\/\\\/www.intersig.be\\\/de\\\/produkt-ubersicht\\\/\"]}]},{\"@type\":\"BreadcrumbList\",\"@id\":\"https:\\\/\\\/www.intersig.be\\\/de\\\/produkt-ubersicht\\\/#breadcrumb\",\"itemListElement\":[{\"@type\":\"ListItem\",\"position\":1,\"name\":\"Home\",\"item\":\"https:\\\/\\\/www.intersig.be\\\/de\\\/\"},{\"@type\":\"ListItem\",\"position\":2,\"name\":\"Produkte\"}]},{\"@type\":\"WebSite\",\"@id\":\"https:\\\/\\\/www.intersig.be\\\/#website\",\"url\":\"https:\\\/\\\/www.intersig.be\\\/\",\"name\":\"Intersig\",\"description\":\"\",\"potentialAction\":[{\"@type\":\"SearchAction\",\"target\":{\"@type\":\"EntryPoint\",\"urlTemplate\":\"https:\\\/\\\/www.intersig.be\\\/?s={search_term_string}\"},\"query-input\":{\"@type\":\"PropertyValueSpecification\",\"valueRequired\":true,\"valueName\":\"search_term_string\"}}],\"inLanguage\":\"de\"}]}<\/script>\n<!-- \/ Yoast SEO plugin. -->","yoast_head_json":{"title":"Produkte - Intersig","robots":{"index":"index","follow":"follow","max-snippet":"max-snippet:-1","max-image-preview":"max-image-preview:large","max-video-preview":"max-video-preview:-1"},"canonical":"https:\/\/www.intersig.be\/de\/produkt-ubersicht\/","og_locale":"de_DE","og_type":"article","og_title":"Produkte - Intersig","og_description":"Als Teil der Van Merksteijn Group ist Intersig einer der gr\u00f6\u00dften Hersteller von Baustahl weltweit. In unserem Werk in Dendermonde spezialisieren wir uns neben Coils und St\u00e4be haupts\u00e4chlich auf Gittertr\u00e4ger und Abstandhalter. Nachfolgend finden Sie eine \u00dcbersicht unserer Produktpalette.","og_url":"https:\/\/www.intersig.be\/de\/produkt-ubersicht\/","og_site_name":"Intersig","article_modified_time":"2023-03-28T14:52:39+00:00","twitter_card":"summary_large_image","twitter_misc":{"Gesch\u00e4tzte Lesezeit":"1\u00a0Minute"},"schema":{"@context":"https:\/\/schema.org","@graph":[{"@type":"WebPage","@id":"https:\/\/www.intersig.be\/de\/produkt-ubersicht\/","url":"https:\/\/www.intersig.be\/de\/produkt-ubersicht\/","name":"Produkte - Intersig","isPartOf":{"@id":"https:\/\/www.intersig.be\/#website"},"datePublished":"2015-06-09T11:38:43+00:00","dateModified":"2023-03-28T14:52:39+00:00","breadcrumb":{"@id":"https:\/\/www.intersig.be\/de\/produkt-ubersicht\/#breadcrumb"},"inLanguage":"de","potentialAction":[{"@type":"ReadAction","target":["https:\/\/www.intersig.be\/de\/produkt-ubersicht\/"]}]},{"@type":"BreadcrumbList","@id":"https:\/\/www.intersig.be\/de\/produkt-ubersicht\/#breadcrumb","itemListElement":[{"@type":"ListItem","position":1,"name":"Home","item":"https:\/\/www.intersig.be\/de\/"},{"@type":"ListItem","position":2,"name":"Produkte"}]},{"@type":"WebSite","@id":"https:\/\/www.intersig.be\/#website","url":"https:\/\/www.intersig.be\/","name":"Intersig","description":"","potentialAction":[{"@type":"SearchAction","target":{"@type":"EntryPoint","urlTemplate":"https:\/\/www.intersig.be\/?s={search_term_string}"},"query-input":{"@type":"PropertyValueSpecification","valueRequired":true,"valueName":"search_term_string"}}],"inLanguage":"de"}]}},"_links":{"self":[{"href":"https:\/\/www.intersig.be\/de\/wp-json\/wp\/v2\/pages\/197","targetHints":{"allow":["GET"]}}],"collection":[{"href":"https:\/\/www.intersig.be\/de\/wp-json\/wp\/v2\/pages"}],"about":[{"href":"https:\/\/www.intersig.be\/de\/wp-json\/wp\/v2\/types\/page"}],"author":[{"embeddable":true,"href":"https:\/\/www.intersig.be\/de\/wp-json\/wp\/v2\/users\/6"}],"replies":[{"embeddable":true,"href":"https:\/\/www.intersig.be\/de\/wp-json\/wp\/v2\/comments?post=197"}],"version-history":[{"count":0,"href":"https:\/\/www.intersig.be\/de\/wp-json\/wp\/v2\/pages\/197\/revisions"}],"wp:attachment":[{"href":"https:\/\/www.intersig.be\/de\/wp-json\/wp\/v2\/media?parent=197"}],"curies":[{"name":"wp","href":"https:\/\/api.w.org\/{rel}","templated":true}]}}