{"id":176,"date":"2015-06-09T12:38:50","date_gmt":"2015-06-09T11:38:50","guid":{"rendered":"https:\/\/www.intersig.be\/certificaten\/?lang=de"},"modified":"2023-03-28T16:55:17","modified_gmt":"2023-03-28T14:55:17","slug":"zertifikate","status":"publish","type":"page","link":"https:\/\/www.intersig.be\/de\/zertifikate\/","title":{"rendered":"Zertifikate"},"content":{"rendered":"<p style=\"text-align: center\">In Intersig sind die Qualit\u00e4t und die Qualit\u00e4tskontrolle entsetzlich wichtig. Die Qualit\u00e4tsabteilung pr\u00fcft jeden Tag die Forderungen die alle Produkte entsprechen m\u00fcssen. Das Ergebnis dieser Besorgnis sind die Zertifikate die Sie hier nachslagen k\u00f6nnen. Falls Sie noch Fragen haben, bitte kontaktieren Sie <a href=\"mailto:sales@intersig.be\">sales@intersig.be<\/a><\/p>\n","protected":false},"excerpt":{"rendered":"<p>In Intersig sind die Qualit\u00e4t und die Qualit\u00e4tskontrolle entsetzlich wichtig. Die Qualit\u00e4tsabteilung pr\u00fcft jeden Tag die Forderungen die alle Produkte entsprechen m\u00fcssen. Das Ergebnis dieser Besorgnis sind die Zertifikate die Sie hier nachslagen k\u00f6nnen. Falls Sie noch Fragen haben, bitte kontaktieren Sie sales@intersig.be<\/p>\n","protected":false},"author":6,"featured_media":0,"parent":0,"menu_order":0,"comment_status":"open","ping_status":"open","template":"page-certificaten.php","meta":{"_acf_changed":false,"footnotes":""},"class_list":["post-176","page","type-page","status-publish","hentry"],"acf":[],"yoast_head":"<!-- This site is optimized with the Yoast SEO plugin v27.5 - https:\/\/yoast.com\/product\/yoast-seo-wordpress\/ -->\n<title>Zertifikate - Intersig<\/title>\n<meta name=\"robots\" content=\"index, follow, max-snippet:-1, max-image-preview:large, max-video-preview:-1\" \/>\n<link rel=\"canonical\" href=\"https:\/\/www.intersig.be\/de\/zertifikate\/\" \/>\n<meta property=\"og:locale\" content=\"de_DE\" \/>\n<meta property=\"og:type\" content=\"article\" \/>\n<meta property=\"og:title\" content=\"Zertifikate - Intersig\" \/>\n<meta property=\"og:description\" content=\"In Intersig sind die Qualit\u00e4t und die Qualit\u00e4tskontrolle entsetzlich wichtig. Die Qualit\u00e4tsabteilung pr\u00fcft jeden Tag die Forderungen die alle Produkte entsprechen m\u00fcssen. Das Ergebnis dieser Besorgnis sind die Zertifikate die Sie hier nachslagen k\u00f6nnen. Falls Sie noch Fragen haben, bitte kontaktieren Sie sales@intersig.be\" \/>\n<meta property=\"og:url\" content=\"https:\/\/www.intersig.be\/de\/zertifikate\/\" \/>\n<meta property=\"og:site_name\" content=\"Intersig\" \/>\n<meta property=\"article:modified_time\" content=\"2023-03-28T14:55:17+00:00\" \/>\n<meta name=\"twitter:card\" content=\"summary_large_image\" \/>\n<meta name=\"twitter:label1\" content=\"Gesch\u00e4tzte Lesezeit\" \/>\n\t<meta name=\"twitter:data1\" content=\"1\u00a0Minute\" \/>\n<script type=\"application\/ld+json\" class=\"yoast-schema-graph\">{\"@context\":\"https:\\\/\\\/schema.org\",\"@graph\":[{\"@type\":\"WebPage\",\"@id\":\"https:\\\/\\\/www.intersig.be\\\/de\\\/zertifikate\\\/\",\"url\":\"https:\\\/\\\/www.intersig.be\\\/de\\\/zertifikate\\\/\",\"name\":\"Zertifikate - Intersig\",\"isPartOf\":{\"@id\":\"https:\\\/\\\/www.intersig.be\\\/#website\"},\"datePublished\":\"2015-06-09T11:38:50+00:00\",\"dateModified\":\"2023-03-28T14:55:17+00:00\",\"breadcrumb\":{\"@id\":\"https:\\\/\\\/www.intersig.be\\\/de\\\/zertifikate\\\/#breadcrumb\"},\"inLanguage\":\"de\",\"potentialAction\":[{\"@type\":\"ReadAction\",\"target\":[\"https:\\\/\\\/www.intersig.be\\\/de\\\/zertifikate\\\/\"]}]},{\"@type\":\"BreadcrumbList\",\"@id\":\"https:\\\/\\\/www.intersig.be\\\/de\\\/zertifikate\\\/#breadcrumb\",\"itemListElement\":[{\"@type\":\"ListItem\",\"position\":1,\"name\":\"Home\",\"item\":\"https:\\\/\\\/www.intersig.be\\\/de\\\/\"},{\"@type\":\"ListItem\",\"position\":2,\"name\":\"Zertifikate\"}]},{\"@type\":\"WebSite\",\"@id\":\"https:\\\/\\\/www.intersig.be\\\/#website\",\"url\":\"https:\\\/\\\/www.intersig.be\\\/\",\"name\":\"Intersig\",\"description\":\"\",\"potentialAction\":[{\"@type\":\"SearchAction\",\"target\":{\"@type\":\"EntryPoint\",\"urlTemplate\":\"https:\\\/\\\/www.intersig.be\\\/?s={search_term_string}\"},\"query-input\":{\"@type\":\"PropertyValueSpecification\",\"valueRequired\":true,\"valueName\":\"search_term_string\"}}],\"inLanguage\":\"de\"}]}<\/script>\n<!-- \/ Yoast SEO plugin. -->","yoast_head_json":{"title":"Zertifikate - Intersig","robots":{"index":"index","follow":"follow","max-snippet":"max-snippet:-1","max-image-preview":"max-image-preview:large","max-video-preview":"max-video-preview:-1"},"canonical":"https:\/\/www.intersig.be\/de\/zertifikate\/","og_locale":"de_DE","og_type":"article","og_title":"Zertifikate - Intersig","og_description":"In Intersig sind die Qualit\u00e4t und die Qualit\u00e4tskontrolle entsetzlich wichtig. Die Qualit\u00e4tsabteilung pr\u00fcft jeden Tag die Forderungen die alle Produkte entsprechen m\u00fcssen. Das Ergebnis dieser Besorgnis sind die Zertifikate die Sie hier nachslagen k\u00f6nnen. Falls Sie noch Fragen haben, bitte kontaktieren Sie sales@intersig.be","og_url":"https:\/\/www.intersig.be\/de\/zertifikate\/","og_site_name":"Intersig","article_modified_time":"2023-03-28T14:55:17+00:00","twitter_card":"summary_large_image","twitter_misc":{"Gesch\u00e4tzte Lesezeit":"1\u00a0Minute"},"schema":{"@context":"https:\/\/schema.org","@graph":[{"@type":"WebPage","@id":"https:\/\/www.intersig.be\/de\/zertifikate\/","url":"https:\/\/www.intersig.be\/de\/zertifikate\/","name":"Zertifikate - Intersig","isPartOf":{"@id":"https:\/\/www.intersig.be\/#website"},"datePublished":"2015-06-09T11:38:50+00:00","dateModified":"2023-03-28T14:55:17+00:00","breadcrumb":{"@id":"https:\/\/www.intersig.be\/de\/zertifikate\/#breadcrumb"},"inLanguage":"de","potentialAction":[{"@type":"ReadAction","target":["https:\/\/www.intersig.be\/de\/zertifikate\/"]}]},{"@type":"BreadcrumbList","@id":"https:\/\/www.intersig.be\/de\/zertifikate\/#breadcrumb","itemListElement":[{"@type":"ListItem","position":1,"name":"Home","item":"https:\/\/www.intersig.be\/de\/"},{"@type":"ListItem","position":2,"name":"Zertifikate"}]},{"@type":"WebSite","@id":"https:\/\/www.intersig.be\/#website","url":"https:\/\/www.intersig.be\/","name":"Intersig","description":"","potentialAction":[{"@type":"SearchAction","target":{"@type":"EntryPoint","urlTemplate":"https:\/\/www.intersig.be\/?s={search_term_string}"},"query-input":{"@type":"PropertyValueSpecification","valueRequired":true,"valueName":"search_term_string"}}],"inLanguage":"de"}]}},"_links":{"self":[{"href":"https:\/\/www.intersig.be\/de\/wp-json\/wp\/v2\/pages\/176","targetHints":{"allow":["GET"]}}],"collection":[{"href":"https:\/\/www.intersig.be\/de\/wp-json\/wp\/v2\/pages"}],"about":[{"href":"https:\/\/www.intersig.be\/de\/wp-json\/wp\/v2\/types\/page"}],"author":[{"embeddable":true,"href":"https:\/\/www.intersig.be\/de\/wp-json\/wp\/v2\/users\/6"}],"replies":[{"embeddable":true,"href":"https:\/\/www.intersig.be\/de\/wp-json\/wp\/v2\/comments?post=176"}],"version-history":[{"count":0,"href":"https:\/\/www.intersig.be\/de\/wp-json\/wp\/v2\/pages\/176\/revisions"}],"wp:attachment":[{"href":"https:\/\/www.intersig.be\/de\/wp-json\/wp\/v2\/media?parent=176"}],"curies":[{"name":"wp","href":"https:\/\/api.w.org\/{rel}","templated":true}]}}