{"id":12629,"date":"2025-01-08T12:58:56","date_gmt":"2025-01-08T10:58:56","guid":{"rendered":"https:\/\/www.intersig.be\/?page_id=12629"},"modified":"2025-11-07T13:41:23","modified_gmt":"2025-11-07T11:41:23","slug":"wechsel-vertriebsleitung-rse-gruppe","status":"publish","type":"page","link":"https:\/\/www.intersig.be\/de\/wechsel-vertriebsleitung-rse-gruppe\/","title":{"rendered":"News"},"content":{"rendered":"<p style=\"text-align: center;\"><strong>WECHSEL IN DER VERTRIEBSLEITUNG BEI DER REINFORCING STEEL EUROPE B.V.<\/strong><\/p>\n<p>Wir m\u00f6chten Sie dar\u00fcber informieren, dass Kris Van Ginderdeuren seine Position als Chief Commercial Officer und Mitglied der Gesch\u00e4ftsf\u00fchrung der Reinforcing Steel Europe B.V. niederlegt und das Unternehmen zum Ende des Jahres aus pers\u00f6nlichen Gr\u00fcnden verlassen wird.<\/p>\n<p>Mit sofortiger Wirkung \u00fcbernimmt Thomas Truyens die Funktion des Chief Commercial Officer und tritt damit die Nachfolge von Kris Van Ginderdeuren an. In dieser Rolle wird Thomas Truyens ma\u00dfgeblich zur Weiterentwicklung unserer Vertriebsstrategie beitragen sowie die enge Beziehung zu unseren Kunden weiter st\u00e4rken.<\/p>\n<p>F\u00fcr die deutschsprachigen M\u00e4rkte bleibt weiterhin Elger Luck als Vertriebschef f\u00fcr Deutschland \u00d6sterreich und die Schweiz verantwortlich und steht unseren Kunden und Partnern wie gewohnt als Ansprechpartner zur Verf\u00fcgung.<\/p>\n<p><em>\u201eWir danken Kris Van Ginderdeuren f\u00fcr die erfolgreiche Zusammenarbeit und bedauern sein Ausscheiden sehr \u2013 auch wenn wir seine pers\u00f6nliche Entscheidung verstehen und respektieren. Zugleich freuen wir uns, mit Thomas Truyens, einen erfahrenen Nachfolger gewonnen zu haben, der unsere Vertriebsstrategie konsequent weiter vorantreiben wird\u201c<\/em>, sagt Markus Weber, Chief Executive Officer.<\/p>\n<p>Die Gesch\u00e4ftsf\u00fchrung und die Gesellschafter danken Kris Van Ginderdeuren herzlich f\u00fcr sein engagiertes Wirken und seinen wertvollen Beitrag zum erfolgreichen Start der Reinforcing Steel Europe B.V. sowie zur reibungslosen Integration der Vertriebsteams in den letzten Monaten. Wir w\u00fcnschen ihm f\u00fcr seine Zukunft alles Gute und weiterhin viel Erfolg!<\/p>\n<h2>\u00dcber Reinforcing Steel Europe B.V.<\/h2>\n<p>Die Reinforcing Steel Europe Group (RSE) ist ein fu\u0308hrender Anbieter und Hersteller von Bewehrungsstahl in Europa. Die Gruppe produziert, verarbeitet und vertreibt Betonstahl sowie Bewehrungsprodukte fu\u0308r die Bauindustrie in Europa. Zu ihr geh\u00f6ren u.a. die Badischen Stahlwerke (BSW), das Moselstahlwerk (MSW), Baustahlgewebe, Neckardraht und die BVG Bewehrungsstahl Vertriebsgesellschaft (BVG) in Deutschland, Van Merksteijn Steel in den Niederlanden, Intersig in Belgien sowie Intersig France und VMI Atlantic in Frankreich. Die RSE-Gruppe verfu\u0308gt u\u0308ber eines der modernsten Elektrostahlwerke in Deutschland. Es recycelt Stahlschrott ressourcenschonend und schmilzt ihn mit Strom zu neuem Stahl ein. Weiterverarbeitet wird der Stahl in drahtverarbeitenden Betrieben kundennah an verschiedenen Standorten in Europa. Zur RSE-Gruppe geh\u00f6ren auch Tochterunternehmen in den Bereichen Nebenprodukte, Anlagentechnik, Ausbildung, Vertrieb und Service. Einen Fokus legt das Unternehmen auch auf die Effizienzsteigerung, die soziale und gesellschaftliche Verantwortung, den Schutz der Umwelt und die Schaffung eines sicheren und gesunden Arbeitsumfelds.<\/p>\n<p><a class=\"button\" href=\"https:\/\/reinforcing-steel.com\/\" target=\"_blank\" rel=\"noopener noreferrer\">RSE Website besuchen<\/a><\/p>\n","protected":false},"excerpt":{"rendered":"<p>WECHSEL IN DER VERTRIEBSLEITUNG BEI DER REINFORCING STEEL EUROPE B.V. Wir m\u00f6chten Sie dar\u00fcber informieren, dass Kris Van Ginderdeuren seine Position als Chief Commercial Officer und Mitglied der Gesch\u00e4ftsf\u00fchrung der Reinforcing Steel Europe B.V. niederlegt und das Unternehmen zum Ende des Jahres aus pers\u00f6nlichen Gr\u00fcnden verlassen wird. Mit sofortiger Wirkung \u00fcbernimmt Thomas Truyens die Funktion [&hellip;]<\/p>\n","protected":false},"author":10,"featured_media":0,"parent":0,"menu_order":0,"comment_status":"closed","ping_status":"closed","template":"page-announcement.php","meta":{"_acf_changed":false,"footnotes":""},"class_list":["post-12629","page","type-page","status-publish","hentry"],"acf":[],"yoast_head":"<!-- This site is optimized with the Yoast SEO plugin v27.5 - https:\/\/yoast.com\/product\/yoast-seo-wordpress\/ -->\n<title>News - Intersig<\/title>\n<meta name=\"robots\" content=\"index, follow, max-snippet:-1, max-image-preview:large, max-video-preview:-1\" \/>\n<link rel=\"canonical\" href=\"https:\/\/www.intersig.be\/de\/wechsel-vertriebsleitung-rse-gruppe\/\" \/>\n<meta property=\"og:locale\" content=\"de_DE\" \/>\n<meta property=\"og:type\" content=\"article\" \/>\n<meta property=\"og:title\" content=\"News - Intersig\" \/>\n<meta property=\"og:description\" content=\"WECHSEL IN DER VERTRIEBSLEITUNG BEI DER REINFORCING STEEL EUROPE B.V. Wir m\u00f6chten Sie dar\u00fcber informieren, dass Kris Van Ginderdeuren seine Position als Chief Commercial Officer und Mitglied der Gesch\u00e4ftsf\u00fchrung der Reinforcing Steel Europe B.V. niederlegt und das Unternehmen zum Ende des Jahres aus pers\u00f6nlichen Gr\u00fcnden verlassen wird. Mit sofortiger Wirkung \u00fcbernimmt Thomas Truyens die Funktion [&hellip;]\" \/>\n<meta property=\"og:url\" content=\"https:\/\/www.intersig.be\/de\/wechsel-vertriebsleitung-rse-gruppe\/\" \/>\n<meta property=\"og:site_name\" content=\"Intersig\" \/>\n<meta property=\"article:modified_time\" content=\"2025-11-07T11:41:23+00:00\" \/>\n<meta name=\"twitter:card\" content=\"summary_large_image\" \/>\n<meta name=\"twitter:label1\" content=\"Gesch\u00e4tzte Lesezeit\" \/>\n\t<meta name=\"twitter:data1\" content=\"2\u00a0Minuten\" \/>\n<script type=\"application\/ld+json\" class=\"yoast-schema-graph\">{\"@context\":\"https:\\\/\\\/schema.org\",\"@graph\":[{\"@type\":\"WebPage\",\"@id\":\"https:\\\/\\\/www.intersig.be\\\/de\\\/wechsel-vertriebsleitung-rse-gruppe\\\/\",\"url\":\"https:\\\/\\\/www.intersig.be\\\/de\\\/wechsel-vertriebsleitung-rse-gruppe\\\/\",\"name\":\"News - Intersig\",\"isPartOf\":{\"@id\":\"https:\\\/\\\/www.intersig.be\\\/#website\"},\"datePublished\":\"2025-01-08T10:58:56+00:00\",\"dateModified\":\"2025-11-07T11:41:23+00:00\",\"breadcrumb\":{\"@id\":\"https:\\\/\\\/www.intersig.be\\\/de\\\/wechsel-vertriebsleitung-rse-gruppe\\\/#breadcrumb\"},\"inLanguage\":\"de\",\"potentialAction\":[{\"@type\":\"ReadAction\",\"target\":[\"https:\\\/\\\/www.intersig.be\\\/de\\\/wechsel-vertriebsleitung-rse-gruppe\\\/\"]}]},{\"@type\":\"BreadcrumbList\",\"@id\":\"https:\\\/\\\/www.intersig.be\\\/de\\\/wechsel-vertriebsleitung-rse-gruppe\\\/#breadcrumb\",\"itemListElement\":[{\"@type\":\"ListItem\",\"position\":1,\"name\":\"Home\",\"item\":\"https:\\\/\\\/www.intersig.be\\\/de\\\/\"},{\"@type\":\"ListItem\",\"position\":2,\"name\":\"News\"}]},{\"@type\":\"WebSite\",\"@id\":\"https:\\\/\\\/www.intersig.be\\\/#website\",\"url\":\"https:\\\/\\\/www.intersig.be\\\/\",\"name\":\"Intersig\",\"description\":\"\",\"potentialAction\":[{\"@type\":\"SearchAction\",\"target\":{\"@type\":\"EntryPoint\",\"urlTemplate\":\"https:\\\/\\\/www.intersig.be\\\/?s={search_term_string}\"},\"query-input\":{\"@type\":\"PropertyValueSpecification\",\"valueRequired\":true,\"valueName\":\"search_term_string\"}}],\"inLanguage\":\"de\"}]}<\/script>\n<!-- \/ Yoast SEO plugin. -->","yoast_head_json":{"title":"News - Intersig","robots":{"index":"index","follow":"follow","max-snippet":"max-snippet:-1","max-image-preview":"max-image-preview:large","max-video-preview":"max-video-preview:-1"},"canonical":"https:\/\/www.intersig.be\/de\/wechsel-vertriebsleitung-rse-gruppe\/","og_locale":"de_DE","og_type":"article","og_title":"News - Intersig","og_description":"WECHSEL IN DER VERTRIEBSLEITUNG BEI DER REINFORCING STEEL EUROPE B.V. Wir m\u00f6chten Sie dar\u00fcber informieren, dass Kris Van Ginderdeuren seine Position als Chief Commercial Officer und Mitglied der Gesch\u00e4ftsf\u00fchrung der Reinforcing Steel Europe B.V. niederlegt und das Unternehmen zum Ende des Jahres aus pers\u00f6nlichen Gr\u00fcnden verlassen wird. Mit sofortiger Wirkung \u00fcbernimmt Thomas Truyens die Funktion [&hellip;]","og_url":"https:\/\/www.intersig.be\/de\/wechsel-vertriebsleitung-rse-gruppe\/","og_site_name":"Intersig","article_modified_time":"2025-11-07T11:41:23+00:00","twitter_card":"summary_large_image","twitter_misc":{"Gesch\u00e4tzte Lesezeit":"2\u00a0Minuten"},"schema":{"@context":"https:\/\/schema.org","@graph":[{"@type":"WebPage","@id":"https:\/\/www.intersig.be\/de\/wechsel-vertriebsleitung-rse-gruppe\/","url":"https:\/\/www.intersig.be\/de\/wechsel-vertriebsleitung-rse-gruppe\/","name":"News - Intersig","isPartOf":{"@id":"https:\/\/www.intersig.be\/#website"},"datePublished":"2025-01-08T10:58:56+00:00","dateModified":"2025-11-07T11:41:23+00:00","breadcrumb":{"@id":"https:\/\/www.intersig.be\/de\/wechsel-vertriebsleitung-rse-gruppe\/#breadcrumb"},"inLanguage":"de","potentialAction":[{"@type":"ReadAction","target":["https:\/\/www.intersig.be\/de\/wechsel-vertriebsleitung-rse-gruppe\/"]}]},{"@type":"BreadcrumbList","@id":"https:\/\/www.intersig.be\/de\/wechsel-vertriebsleitung-rse-gruppe\/#breadcrumb","itemListElement":[{"@type":"ListItem","position":1,"name":"Home","item":"https:\/\/www.intersig.be\/de\/"},{"@type":"ListItem","position":2,"name":"News"}]},{"@type":"WebSite","@id":"https:\/\/www.intersig.be\/#website","url":"https:\/\/www.intersig.be\/","name":"Intersig","description":"","potentialAction":[{"@type":"SearchAction","target":{"@type":"EntryPoint","urlTemplate":"https:\/\/www.intersig.be\/?s={search_term_string}"},"query-input":{"@type":"PropertyValueSpecification","valueRequired":true,"valueName":"search_term_string"}}],"inLanguage":"de"}]}},"_links":{"self":[{"href":"https:\/\/www.intersig.be\/de\/wp-json\/wp\/v2\/pages\/12629","targetHints":{"allow":["GET"]}}],"collection":[{"href":"https:\/\/www.intersig.be\/de\/wp-json\/wp\/v2\/pages"}],"about":[{"href":"https:\/\/www.intersig.be\/de\/wp-json\/wp\/v2\/types\/page"}],"author":[{"embeddable":true,"href":"https:\/\/www.intersig.be\/de\/wp-json\/wp\/v2\/users\/10"}],"replies":[{"embeddable":true,"href":"https:\/\/www.intersig.be\/de\/wp-json\/wp\/v2\/comments?post=12629"}],"version-history":[{"count":5,"href":"https:\/\/www.intersig.be\/de\/wp-json\/wp\/v2\/pages\/12629\/revisions"}],"predecessor-version":[{"id":12717,"href":"https:\/\/www.intersig.be\/de\/wp-json\/wp\/v2\/pages\/12629\/revisions\/12717"}],"wp:attachment":[{"href":"https:\/\/www.intersig.be\/de\/wp-json\/wp\/v2\/media?parent=12629"}],"curies":[{"name":"wp","href":"https:\/\/api.w.org\/{rel}","templated":true}]}}