{"id":10466,"date":"2022-07-08T14:39:12","date_gmt":"2022-07-08T12:39:12","guid":{"rendered":"https:\/\/www.intersig.dev-van-merksteijn.msnellink.nl\/?page_id=10466"},"modified":"2026-01-06T09:07:03","modified_gmt":"2026-01-06T07:07:03","slug":"nachhaltigkeit","status":"publish","type":"page","link":"https:\/\/www.intersig.be\/de\/nachhaltigkeit\/","title":{"rendered":"Nachhaltigkeit"},"content":{"rendered":"<p>Als Teil des Van Merksteijn-Konzerns ist Intersig einer der weltweit gr\u00f6\u00dften Produzenten von Baustahlprodukten. Tagein, tagaus sind wir bestrebt, m\u00f6glichst effizient zu arbeiten und unseren Kunden den bestm\u00f6glichen Service und die bestm\u00f6glichen Produkte zu liefern.<\/p>\n<p>Die gr\u00f6\u00dfte St\u00e4rke unseres Unternehmens liegt einerseits in den kurzen Kommunikationslinien und in dem Willen, uns permanent weiterzuentwickeln und zu verbessern, aber andererseits sind auch unsere Arbeitnehmer von entscheidender Bedeutung. Ihrem Einsatz und ihrem Engagement verdanken wir, dass es uns gelingt, unsere Ambitionen als Unternehmen zu verwirklichen.<\/p>\n<p>Neben Qualit\u00e4t, Kundenservice und Humankapital m\u00f6chten wir auch auf Nachhaltigkeit setzen, denn wir bei Intersig sind absolut davon \u00fcberzeugt, dass alle diese Faktoren perfekt miteinander vereinbar sind. Als Unternehmen haben wir n\u00e4mlich eine gro\u00dfe soziale Verantwortung und m\u00fcssen wir f\u00fcr die Menschen und die Umwelt sorgen. Dies tun wir, in Dendermonde, unter anderem durch folgende Ma\u00dfnahmen:<\/p>\n<ul>\n<li>In unserer Betriebsf\u00fchrung ist die Arbeit gem\u00e4\u00df einem ISO14001-Zertifikat mit \u201aUmwelt\u2018 als strategischer Punkt aufgenommen<\/li>\n<li>Wir produzieren zu 100% mit gr\u00fcner Energie<\/li>\n<li>Wir kaufen Rohstoffe, die so viel wie m\u00f6glich aus Recyclingmaterial bestehen<\/li>\n<li>Wir sortieren unsere Abfallstr\u00f6me<\/li>\n<li>Wir ersetzen Gro\u00dfverbraucher durch sparsamere Alternativen (u.a. Beleuchtung, Antriebe,\u2026)<\/li>\n<li>Wir stellen unseren Fuhrpark auf elektrische Fahrzeuge um<\/li>\n<li>Wir gewinnen Regenwasser zur\u00fcck<\/li>\n<li>\u2026<\/li>\n<\/ul>\n<p>Aber auch auf Gruppenebene nehmen wir diese Verantwortung sehr ernst, wie das folgende Video zeigt.<\/p>\n<p>In einer Welt, in der die Folgen des Klimawandels immer sp\u00fcrbarer werden, sind wir fest entschlossen, zu einer positiven Ver\u00e4nderung beizutragen!<\/p>\n<p><strong>Intersig<br \/>\n<\/strong><em>CREATING A NEW STANDARD.<\/em><\/p>\n","protected":false},"excerpt":{"rendered":"<p>Als Teil des Van Merksteijn-Konzerns ist Intersig einer der weltweit gr\u00f6\u00dften Produzenten von Baustahlprodukten. Tagein, tagaus sind wir bestrebt, m\u00f6glichst effizient zu arbeiten und unseren Kunden den bestm\u00f6glichen Service und die bestm\u00f6glichen Produkte zu liefern. Die gr\u00f6\u00dfte St\u00e4rke unseres Unternehmens liegt einerseits in den kurzen Kommunikationslinien und in dem Willen, uns permanent weiterzuentwickeln und zu [&hellip;]<\/p>\n","protected":false},"author":10,"featured_media":0,"parent":0,"menu_order":0,"comment_status":"closed","ping_status":"closed","template":"page-downloads-nobread.php","meta":{"_acf_changed":false,"footnotes":""},"class_list":["post-10466","page","type-page","status-publish","hentry"],"acf":[],"yoast_head":"<!-- This site is optimized with the Yoast SEO plugin v27.5 - https:\/\/yoast.com\/product\/yoast-seo-wordpress\/ -->\n<title>Nachhaltigkeit - Intersig<\/title>\n<meta name=\"robots\" content=\"index, follow, max-snippet:-1, max-image-preview:large, max-video-preview:-1\" \/>\n<link rel=\"canonical\" href=\"https:\/\/www.intersig.be\/de\/nachhaltigkeit\/\" \/>\n<meta property=\"og:locale\" content=\"de_DE\" \/>\n<meta property=\"og:type\" content=\"article\" \/>\n<meta property=\"og:title\" content=\"Nachhaltigkeit - Intersig\" \/>\n<meta property=\"og:description\" content=\"Als Teil des Van Merksteijn-Konzerns ist Intersig einer der weltweit gr\u00f6\u00dften Produzenten von Baustahlprodukten. Tagein, tagaus sind wir bestrebt, m\u00f6glichst effizient zu arbeiten und unseren Kunden den bestm\u00f6glichen Service und die bestm\u00f6glichen Produkte zu liefern. Die gr\u00f6\u00dfte St\u00e4rke unseres Unternehmens liegt einerseits in den kurzen Kommunikationslinien und in dem Willen, uns permanent weiterzuentwickeln und zu [&hellip;]\" \/>\n<meta property=\"og:url\" content=\"https:\/\/www.intersig.be\/de\/nachhaltigkeit\/\" \/>\n<meta property=\"og:site_name\" content=\"Intersig\" \/>\n<meta property=\"article:modified_time\" content=\"2026-01-06T07:07:03+00:00\" \/>\n<meta name=\"twitter:card\" content=\"summary_large_image\" \/>\n<meta name=\"twitter:label1\" content=\"Gesch\u00e4tzte Lesezeit\" \/>\n\t<meta name=\"twitter:data1\" content=\"2\u00a0Minuten\" \/>\n<script type=\"application\/ld+json\" class=\"yoast-schema-graph\">{\"@context\":\"https:\\\/\\\/schema.org\",\"@graph\":[{\"@type\":\"WebPage\",\"@id\":\"https:\\\/\\\/www.intersig.be\\\/de\\\/nachhaltigkeit\\\/\",\"url\":\"https:\\\/\\\/www.intersig.be\\\/de\\\/nachhaltigkeit\\\/\",\"name\":\"Nachhaltigkeit - Intersig\",\"isPartOf\":{\"@id\":\"https:\\\/\\\/www.intersig.be\\\/#website\"},\"datePublished\":\"2022-07-08T12:39:12+00:00\",\"dateModified\":\"2026-01-06T07:07:03+00:00\",\"breadcrumb\":{\"@id\":\"https:\\\/\\\/www.intersig.be\\\/de\\\/nachhaltigkeit\\\/#breadcrumb\"},\"inLanguage\":\"de\",\"potentialAction\":[{\"@type\":\"ReadAction\",\"target\":[\"https:\\\/\\\/www.intersig.be\\\/de\\\/nachhaltigkeit\\\/\"]}]},{\"@type\":\"BreadcrumbList\",\"@id\":\"https:\\\/\\\/www.intersig.be\\\/de\\\/nachhaltigkeit\\\/#breadcrumb\",\"itemListElement\":[{\"@type\":\"ListItem\",\"position\":1,\"name\":\"Home\",\"item\":\"https:\\\/\\\/www.intersig.be\\\/de\\\/\"},{\"@type\":\"ListItem\",\"position\":2,\"name\":\"Nachhaltigkeit\"}]},{\"@type\":\"WebSite\",\"@id\":\"https:\\\/\\\/www.intersig.be\\\/#website\",\"url\":\"https:\\\/\\\/www.intersig.be\\\/\",\"name\":\"Intersig\",\"description\":\"\",\"potentialAction\":[{\"@type\":\"SearchAction\",\"target\":{\"@type\":\"EntryPoint\",\"urlTemplate\":\"https:\\\/\\\/www.intersig.be\\\/?s={search_term_string}\"},\"query-input\":{\"@type\":\"PropertyValueSpecification\",\"valueRequired\":true,\"valueName\":\"search_term_string\"}}],\"inLanguage\":\"de\"}]}<\/script>\n<!-- \/ Yoast SEO plugin. -->","yoast_head_json":{"title":"Nachhaltigkeit - Intersig","robots":{"index":"index","follow":"follow","max-snippet":"max-snippet:-1","max-image-preview":"max-image-preview:large","max-video-preview":"max-video-preview:-1"},"canonical":"https:\/\/www.intersig.be\/de\/nachhaltigkeit\/","og_locale":"de_DE","og_type":"article","og_title":"Nachhaltigkeit - Intersig","og_description":"Als Teil des Van Merksteijn-Konzerns ist Intersig einer der weltweit gr\u00f6\u00dften Produzenten von Baustahlprodukten. Tagein, tagaus sind wir bestrebt, m\u00f6glichst effizient zu arbeiten und unseren Kunden den bestm\u00f6glichen Service und die bestm\u00f6glichen Produkte zu liefern. Die gr\u00f6\u00dfte St\u00e4rke unseres Unternehmens liegt einerseits in den kurzen Kommunikationslinien und in dem Willen, uns permanent weiterzuentwickeln und zu [&hellip;]","og_url":"https:\/\/www.intersig.be\/de\/nachhaltigkeit\/","og_site_name":"Intersig","article_modified_time":"2026-01-06T07:07:03+00:00","twitter_card":"summary_large_image","twitter_misc":{"Gesch\u00e4tzte Lesezeit":"2\u00a0Minuten"},"schema":{"@context":"https:\/\/schema.org","@graph":[{"@type":"WebPage","@id":"https:\/\/www.intersig.be\/de\/nachhaltigkeit\/","url":"https:\/\/www.intersig.be\/de\/nachhaltigkeit\/","name":"Nachhaltigkeit - Intersig","isPartOf":{"@id":"https:\/\/www.intersig.be\/#website"},"datePublished":"2022-07-08T12:39:12+00:00","dateModified":"2026-01-06T07:07:03+00:00","breadcrumb":{"@id":"https:\/\/www.intersig.be\/de\/nachhaltigkeit\/#breadcrumb"},"inLanguage":"de","potentialAction":[{"@type":"ReadAction","target":["https:\/\/www.intersig.be\/de\/nachhaltigkeit\/"]}]},{"@type":"BreadcrumbList","@id":"https:\/\/www.intersig.be\/de\/nachhaltigkeit\/#breadcrumb","itemListElement":[{"@type":"ListItem","position":1,"name":"Home","item":"https:\/\/www.intersig.be\/de\/"},{"@type":"ListItem","position":2,"name":"Nachhaltigkeit"}]},{"@type":"WebSite","@id":"https:\/\/www.intersig.be\/#website","url":"https:\/\/www.intersig.be\/","name":"Intersig","description":"","potentialAction":[{"@type":"SearchAction","target":{"@type":"EntryPoint","urlTemplate":"https:\/\/www.intersig.be\/?s={search_term_string}"},"query-input":{"@type":"PropertyValueSpecification","valueRequired":true,"valueName":"search_term_string"}}],"inLanguage":"de"}]}},"_links":{"self":[{"href":"https:\/\/www.intersig.be\/de\/wp-json\/wp\/v2\/pages\/10466","targetHints":{"allow":["GET"]}}],"collection":[{"href":"https:\/\/www.intersig.be\/de\/wp-json\/wp\/v2\/pages"}],"about":[{"href":"https:\/\/www.intersig.be\/de\/wp-json\/wp\/v2\/types\/page"}],"author":[{"embeddable":true,"href":"https:\/\/www.intersig.be\/de\/wp-json\/wp\/v2\/users\/10"}],"replies":[{"embeddable":true,"href":"https:\/\/www.intersig.be\/de\/wp-json\/wp\/v2\/comments?post=10466"}],"version-history":[{"count":1,"href":"https:\/\/www.intersig.be\/de\/wp-json\/wp\/v2\/pages\/10466\/revisions"}],"predecessor-version":[{"id":12834,"href":"https:\/\/www.intersig.be\/de\/wp-json\/wp\/v2\/pages\/10466\/revisions\/12834"}],"wp:attachment":[{"href":"https:\/\/www.intersig.be\/de\/wp-json\/wp\/v2\/media?parent=10466"}],"curies":[{"name":"wp","href":"https:\/\/api.w.org\/{rel}","templated":true}]}}